{"id":7362,"date":"2022-03-18T12:16:20","date_gmt":"2022-03-18T10:16:20","guid":{"rendered":"https:\/\/toolhouse.fi\/?post_type=product&#038;p=7362"},"modified":"2024-10-24T11:51:34","modified_gmt":"2024-10-24T08:51:34","slug":"redats-ur-6-52mm-universal-lapp-64st","status":"publish","type":"product","link":"https:\/\/toolhouse.fi\/sv\/produkt\/redats-ur-6-52mm-universal-lapp-64st\/","title":{"rendered":"Redats UR-6 52mm universal lapp 64st"},"content":{"rendered":"","protected":false},"excerpt":{"rendered":"<div class=\"product-short-description\">\n<p>Redats UR-6 52mm universal lapp<\/p>\n<p>F\u00f6r reparation av skador i radial-. diagonal-, slang- och slangl\u00f6sa d\u00e4ck.<\/p>\n<p>Anv\u00e4nds med Rema Tip Top Special Cement BL<\/p>\n<p>&nbsp;<\/p>\n<p>Diameter 52mm<\/p>\n<p>64 pack<\/p>\n<\/div>\n<p class=\"stock in-stock\">\n","protected":false},"featured_media":7355,"template":"","meta":{"_acf_changed":false,"_seopress_robots_primary_cat":"","_seopress_titles_title":"","_seopress_titles_desc":"","_seopress_robots_index":""},"product_cat":[158],"product_tag":[],"class_list":{"0":"post-7362","1":"product","2":"type-product","3":"status-publish","4":"has-post-thumbnail","6":"product_cat-dackreparation","7":"product_shipping_class-tillbehor-590","9":"first","10":"instock","11":"taxable","12":"shipping-taxable","13":"purchasable","14":"product-type-simple","swatches":"rey-swatches","show_selected":""},"acf":[],"_links":{"self":[{"href":"https:\/\/toolhouse.fi\/sv\/wp-json\/wp\/v2\/product\/7362","targetHints":{"allow":["GET"]}}],"collection":[{"href":"https:\/\/toolhouse.fi\/sv\/wp-json\/wp\/v2\/product"}],"about":[{"href":"https:\/\/toolhouse.fi\/sv\/wp-json\/wp\/v2\/types\/product"}],"version-history":[{"count":1,"href":"https:\/\/toolhouse.fi\/sv\/wp-json\/wp\/v2\/product\/7362\/revisions"}],"predecessor-version":[{"id":18506,"href":"https:\/\/toolhouse.fi\/sv\/wp-json\/wp\/v2\/product\/7362\/revisions\/18506"}],"wp:featuredmedia":[{"embeddable":true,"href":"https:\/\/toolhouse.fi\/sv\/wp-json\/wp\/v2\/media\/7355"}],"wp:attachment":[{"href":"https:\/\/toolhouse.fi\/sv\/wp-json\/wp\/v2\/media?parent=7362"}],"wp:term":[{"taxonomy":"product_cat","embeddable":true,"href":"https:\/\/toolhouse.fi\/sv\/wp-json\/wp\/v2\/product_cat?post=7362"},{"taxonomy":"product_tag","embeddable":true,"href":"https:\/\/toolhouse.fi\/sv\/wp-json\/wp\/v2\/product_tag?post=7362"}],"curies":[{"name":"wp","href":"https:\/\/api.w.org\/{rel}","templated":true}]}}