{"id":7508,"date":"2022-03-28T21:59:19","date_gmt":"2022-03-28T18:59:19","guid":{"rendered":"https:\/\/toolhouse.fi\/?post_type=product&#038;p=7508"},"modified":"2026-02-09T16:32:14","modified_gmt":"2026-02-09T14:32:14","slug":"icarsoft-bmm-v3-0-bmw-mini","status":"publish","type":"product","link":"https:\/\/toolhouse.fi\/sv\/produkt\/icarsoft-bmm-v3-0-bmw-mini\/","title":{"rendered":"ICarsoft BMM V3.0 &#8211; BMW\/Mini."},"content":{"rendered":"<ul>\n<li>Display: 4,0\u2033 TFT LCD<\/li>\n<li>Uppl\u00f6sning: 480\u00d7320<\/li>\n<li>Drifttemperatur: 0 till 50 c<\/li>\n<li>F\u00f6rvaringstemperatur: -20 till 70 c<\/li>\n<li>Driftsp\u00e4nning: 9 \u2013 18V<\/li>\n<li>Dimensioner: 206 x 104,1 x 32,6 mm<\/li>\n<li>Spr\u00e5k: Engelska, Tyska, Franska, Nederl\u00e4ndska, Spanska<\/li>\n<\/ul>\n<p><strong>Inneh\u00e5ll<\/strong><\/p>\n<ul>\n<li>iCarsoft BMM V 3.0<\/li>\n<li>OBD2-kabel<\/li>\n<li>USB-kabel<\/li>\n<li>Manual<\/li>\n<li>F\u00f6rvaringsv\u00e4ska<\/li>\n<\/ul>\n<p>Garanti 12 m\u00e5nader<\/p>\n","protected":false},"excerpt":{"rendered":"<h3><\/h3>\n<h3><strong>iCarsoft BMM V3.0 \u00e4r ett professionellt diagnosverktyg f\u00f6r BMW, MINI, ROLLS-ROYCE<\/strong><\/h3>\n<p>Visar livedata som text eller grafiskt f\u00f6r att enkelt granska data, Utf\u00f6r servicefunktioner och anv\u00e4nd aktiveringstest (Actuation Test) och testk\u00f6r komponenter f\u00f6r att hitta \u00e4ven de sv\u00e5raste felen.<\/p>\n<p>&nbsp;<\/p>\n<h3><strong>Servicefunktioner<\/strong><\/h3>\n<ul>\n<li>L\u00e4ser alla tillg\u00e4ngliga system<\/li>\n<li>Omfattande t\u00e4ckning av OBD oml\u00e4rning<\/li>\n<li>Oljeservice\/service\u00e5terst\u00e4llning: (Oil reset)<\/li>\n<li>Elektronisk parkeringsbroms- systemunderh\u00e5ll, inaktivering och \u00e5teraktivering (EPB)<\/li>\n<li>Batterihanteringssystem-registrerar nytt batteri vid batteribyte (BMS)<\/li>\n<li>Dieselpartikelfilter-Regenereringssystem (DPF)<\/li>\n<li>Elektroniskt gasreglage-oml\u00e4rning av gasspj\u00e4llsventilens kontrollv\u00e4rde vid nollning eller utbyte.(ETC)<\/li>\n<li>Styrvinkel kalibrering (SAS)<\/li>\n<li>ABS-luftning (ABS Bleeding)<\/li>\n<li>Injektorkodning oml\u00e4rning\/kodning vid injektorbyte (Injector coding)<\/li>\n<li>\u00c5terst\u00e4llning\/kalibrering av adaptiv belysning (AFS)<\/li>\n<li>TPMS programmering-sensor test och byte (TPMS)<\/li>\n<li>Luftfj\u00e4dring justering\/\u00e5terst\u00e4llning\u00a0(Air Suspension)<\/li>\n<li>BCM (Body stability)<\/li>\n<li>TCM (Trans adaption)<\/li>\n<li>Luftfj\u00e4dring (Air Suspension)<\/li>\n<li>ACS (Air Conditioner)<\/li>\n<li>Med mera.<\/li>\n<\/ul>\n<p>&nbsp;<\/p>\n<h3><strong>Diagnostikfunktioner<\/strong><\/h3>\n<ul>\n<li>L\u00e4ser och raderar felkoder f\u00f6r alla tillg\u00e4ngliga system<\/li>\n<li>L\u00e4ser\u00a0och raderar allm\u00e4nna (P0, P2, P3 och U0), tillverkarspecifika (P1, P3 och U1) permanenta och v\u00e4ntande diagnostiska felkoder.<\/li>\n<li>Visa realtidsdata i text, diagram och analogt f\u00f6r enkel datagranskning av givarv\u00e4rden (live data)<\/li>\n<li>St\u00f6der frysramar f\u00f6r felkodsfunktioner (freeze frame)<\/li>\n<li>Identifierar automatiskt och snabbt fordonet (Auto VIN)<\/li>\n<li>Funktions och komponenttester, provk\u00f6r rel\u00e4er, solenoider, motorer, st\u00e4lldon, mm (Actuation Test \/ Bi-directory Test)<\/li>\n<li>Mm<br \/>\n<h3><\/h3>\n<\/li>\n<\/ul>\n<p>&nbsp;<\/p>\n<h3><strong>\u00d6vrigt<\/strong><\/h3>\n<ul>\n<li>Integrerat DTC-bibliotek f\u00f6r att sl\u00e5 upp koder<\/li>\n<li>Kostnadsfria obegr\u00e4nsade programuppdateringar(uppdatera endast fr\u00e5n tillverkaren icarsoft.us)<\/li>\n<li>Flerspr\u00e5kiga menyer (delvis \u00f6versatt till svenska)<\/li>\n<li>Observera att vissa funktioner kanske inte \u00e4r tillg\u00e4ngliga p\u00e5 alla m\u00e4rken \/ modeller<\/li>\n<li>Fungerar till fordon med 16 polig OBD2 kontakt<\/li>\n<\/ul>\n<p>&nbsp;<\/p>\n","protected":false},"featured_media":7511,"template":"","meta":{"_acf_changed":false,"_seopress_robots_primary_cat":"none","_seopress_titles_title":"","_seopress_titles_desc":"","_seopress_robots_index":""},"product_cat":[226,608],"product_tag":[],"class_list":{"0":"post-7508","1":"product","2":"type-product","3":"status-publish","4":"has-post-thumbnail","6":"product_cat-felkodslasare","7":"product_cat-person-paketbil","8":"product_shipping_class-tillbehor-490","10":"first","11":"instock","12":"sale","13":"taxable","14":"shipping-taxable","15":"purchasable","16":"product-type-simple","swatches":"rey-swatches","show_selected":""},"acf":[],"_links":{"self":[{"href":"https:\/\/toolhouse.fi\/sv\/wp-json\/wp\/v2\/product\/7508","targetHints":{"allow":["GET"]}}],"collection":[{"href":"https:\/\/toolhouse.fi\/sv\/wp-json\/wp\/v2\/product"}],"about":[{"href":"https:\/\/toolhouse.fi\/sv\/wp-json\/wp\/v2\/types\/product"}],"version-history":[{"count":1,"href":"https:\/\/toolhouse.fi\/sv\/wp-json\/wp\/v2\/product\/7508\/revisions"}],"predecessor-version":[{"id":18501,"href":"https:\/\/toolhouse.fi\/sv\/wp-json\/wp\/v2\/product\/7508\/revisions\/18501"}],"wp:featuredmedia":[{"embeddable":true,"href":"https:\/\/toolhouse.fi\/sv\/wp-json\/wp\/v2\/media\/7511"}],"wp:attachment":[{"href":"https:\/\/toolhouse.fi\/sv\/wp-json\/wp\/v2\/media?parent=7508"}],"wp:term":[{"taxonomy":"product_cat","embeddable":true,"href":"https:\/\/toolhouse.fi\/sv\/wp-json\/wp\/v2\/product_cat?post=7508"},{"taxonomy":"product_tag","embeddable":true,"href":"https:\/\/toolhouse.fi\/sv\/wp-json\/wp\/v2\/product_tag?post=7508"}],"curies":[{"name":"wp","href":"https:\/\/api.w.org\/{rel}","templated":true}]}}