{"id":7889,"date":"2022-04-22T13:18:01","date_gmt":"2022-04-22T10:18:01","guid":{"rendered":"https:\/\/toolhouse.fi\/?post_type=product&#038;p=7889"},"modified":"2026-04-14T15:24:25","modified_gmt":"2026-04-14T12:24:25","slug":"luftpafyllare-digital","status":"publish","type":"product","link":"https:\/\/toolhouse.fi\/sv\/produkt\/luftpafyllare-digital\/","title":{"rendered":"Luftp\u00e5fyllare digital"},"content":{"rendered":"","protected":false},"excerpt":{"rendered":"<p>&nbsp;<\/p>\n<p data-start=\"0\" data-end=\"51\"><strong data-start=\"0\" data-end=\"49\">Tvardy luftp\u00e5fyllare med LCD-manometer 0\u201318 bar<\/strong><\/p>\n<p data-start=\"53\" data-end=\"237\">L\u00e4mplig f\u00f6r att pumpa d\u00e4ck p\u00e5 b\u00e5de personbilar och lastbilar. Utrustad med en 45 cm flexibel slang och en stor, l\u00e4ttl\u00e4st LCD-manometer med gummiskydd som skyddar mot st\u00f6tar och slag.<\/p>\n<p>&nbsp;<\/p>\n<ul>\n<li data-start=\"261\" data-end=\"655\">Tydlig och exakt digital manometer med LCD display.<\/li>\n<li data-start=\"261\" data-end=\"655\">M\u00e4tomr\u00e5de: 0\u201318 bar \/ 0\u2013255 psi \/ 0\u20131800 kPa \/ 0\u201318 Kg\/cm\u00b2<\/li>\n<li data-start=\"261\" data-end=\"655\">45 cm l\u00e5ng slang med p\u00e5fyllningsnippel i m\u00e4ssing<\/li>\n<li data-start=\"261\" data-end=\"655\">Gummiskydd<\/li>\n<li data-start=\"261\" data-end=\"655\">1\/4&#8243; snabbkoppling<\/li>\n<li data-start=\"261\" data-end=\"655\">Drivs av tv\u00e5 AAA-batterier (ing\u00e5r ej)<\/li>\n<li data-start=\"261\" data-end=\"655\">Manometerdiameter:<span style=\"background-color: var(--body-bg-color); color: var(--body-color); font-family: var(--body-font-family),sans-serif; font-size: 1.125rem; font-weight: var(--body-font-weight,400);\"> 66 mm<\/span><\/li>\n<\/ul>\n<ul data-start=\"693\" data-end=\"848\">\n<li data-start=\"726\" data-end=\"751\">Slangl\u00e4ngd: 45 cm<\/li>\n<li data-start=\"752\" data-end=\"782\">Maximalt tryck: 18 bar<\/li>\n<li data-start=\"783\" data-end=\"848\">M\u00e4tskala: 0\u201318 bar \/ 0\u2013255 psi \/ 0\u20131800 kPa \/ 0\u201318 Kg\/cm\u00b2<\/li>\n<li data-start=\"783\" data-end=\"848\">Garanti 12 m\u00e5nader<\/li>\n<\/ul>\n<p>Tillverkare: Tvardy<\/p>\n","protected":false},"featured_media":24085,"template":"","meta":{"_acf_changed":false,"_seopress_robots_primary_cat":"none","_seopress_titles_title":"","_seopress_titles_desc":"","_seopress_robots_index":""},"product_cat":[319,160,216],"product_tag":[],"class_list":{"0":"post-7889","1":"product","2":"type-product","3":"status-publish","4":"has-post-thumbnail","6":"product_cat-luftpafyllare","7":"product_cat-tillbehor-verktyg","8":"product_cat-tryckluft-och-kompressor","9":"product_shipping_class-tillbehor-590","11":"first","12":"instock","13":"taxable","14":"shipping-taxable","15":"purchasable","16":"product-type-simple","swatches":"rey-swatches","show_selected":""},"acf":[],"_links":{"self":[{"href":"https:\/\/toolhouse.fi\/sv\/wp-json\/wp\/v2\/product\/7889","targetHints":{"allow":["GET"]}}],"collection":[{"href":"https:\/\/toolhouse.fi\/sv\/wp-json\/wp\/v2\/product"}],"about":[{"href":"https:\/\/toolhouse.fi\/sv\/wp-json\/wp\/v2\/types\/product"}],"version-history":[{"count":3,"href":"https:\/\/toolhouse.fi\/sv\/wp-json\/wp\/v2\/product\/7889\/revisions"}],"predecessor-version":[{"id":24096,"href":"https:\/\/toolhouse.fi\/sv\/wp-json\/wp\/v2\/product\/7889\/revisions\/24096"}],"wp:featuredmedia":[{"embeddable":true,"href":"https:\/\/toolhouse.fi\/sv\/wp-json\/wp\/v2\/media\/24085"}],"wp:attachment":[{"href":"https:\/\/toolhouse.fi\/sv\/wp-json\/wp\/v2\/media?parent=7889"}],"wp:term":[{"taxonomy":"product_cat","embeddable":true,"href":"https:\/\/toolhouse.fi\/sv\/wp-json\/wp\/v2\/product_cat?post=7889"},{"taxonomy":"product_tag","embeddable":true,"href":"https:\/\/toolhouse.fi\/sv\/wp-json\/wp\/v2\/product_tag?post=7889"}],"curies":[{"name":"wp","href":"https:\/\/api.w.org\/{rel}","templated":true}]}}