{"id":7974,"date":"2022-04-24T23:27:49","date_gmt":"2022-04-24T20:27:49","guid":{"rendered":"https:\/\/toolhouse.fi\/?post_type=product&#038;p=7974"},"modified":"2024-10-28T16:37:00","modified_gmt":"2024-10-28T14:37:00","slug":"gangsats-tum-och-metrisk-110-delar","status":"publish","type":"product","link":"https:\/\/toolhouse.fi\/sv\/produkt\/gangsats-tum-och-metrisk-110-delar\/","title":{"rendered":"G\u00e4ngsats tum och metrisk 110 delar"},"content":{"rendered":"","protected":false},"excerpt":{"rendered":"<p><strong>Mannesmann<\/strong>\u00a0g\u00e4ngsats i 110 delar.<\/p>\n<p>Inneh\u00e5ller Metriska, UNC, UNF, NPT, UNS g\u00e4ngtappar och g\u00e4ngsnitt.<\/p>\n<p>Med den h\u00e4r g\u00e4ngsatsen fixar du de flesta g\u00e4ngor p\u00e5 motor, v\u00e4xell\u00e5da mm.<\/p>\n<p>&nbsp;<\/p>\n<p>Tillverkare: Mannesmann<\/p>\n<p>Antal delar: 110<\/p>\n<p>Storlek: 330 x 430 x 50mm<\/p>\n<p>Material: Kolst\u00e5l<\/p>\n<p>G\u00e4ngkloppa: 2st<\/p>\n<p>Sv\u00e4ngj\u00e4rn: 2st<\/p>\n<p>T handtag 1st<\/p>\n<p>g\u00e4ngtapp: 70st<\/p>\n<p>G\u00e4ngsnitt: 35st<\/p>\n<p>&nbsp;<\/p>\n<p><i><u>Metrisk<\/u><\/i><\/p>\n<p>M6, M8, M10, M10x1,0, M11, M12, M12x1,25, M14x1,25, M18x1,5<\/p>\n<p><i>UNC:<\/i><\/p>\n<p>4-40, 6-32, 8-32, 10-24, 12-24, 1\/4-20, 5\/16-18, 3\/8-16, 7\/16-14, 1\/2-13, 9\/16-12, 5\/8-11, 3\/4-10, 9\/16-18, 5\/8-18<\/p>\n<p><i>UNF:<\/i><\/p>\n<p>10-32, 1\/4-28, 3\/8-24, 7\/16-20, 1\/2-20, 3\/4-16, 5\/16-24, 1\/4-32<\/p>\n<p><i>NPT:<\/i><\/p>\n<p>1\/4-18, 1\/8-27<\/p>\n<p><i>UNS:<\/i><\/p>\n<p>1\/4-24<\/p>\n","protected":false},"featured_media":7964,"template":"","meta":{"_acf_changed":false,"_seopress_robots_primary_cat":"","_seopress_titles_title":"","_seopress_titles_desc":"","_seopress_robots_index":"","_seopress_analysis_target_kw":""},"product_cat":[580,336,21],"product_tag":[],"class_list":{"0":"post-7974","1":"product","2":"type-product","3":"status-publish","4":"has-post-thumbnail","6":"product_cat-gangverktyg","7":"product_cat-verktyg","8":"product_cat-verkstadsutrustning","9":"product_shipping_class-tillbehor-790","11":"first","12":"instock","13":"taxable","14":"shipping-taxable","15":"purchasable","16":"product-type-simple","swatches":"rey-swatches","show_selected":""},"acf":[],"_links":{"self":[{"href":"https:\/\/toolhouse.fi\/sv\/wp-json\/wp\/v2\/product\/7974","targetHints":{"allow":["GET"]}}],"collection":[{"href":"https:\/\/toolhouse.fi\/sv\/wp-json\/wp\/v2\/product"}],"about":[{"href":"https:\/\/toolhouse.fi\/sv\/wp-json\/wp\/v2\/types\/product"}],"version-history":[{"count":0,"href":"https:\/\/toolhouse.fi\/sv\/wp-json\/wp\/v2\/product\/7974\/revisions"}],"wp:featuredmedia":[{"embeddable":true,"href":"https:\/\/toolhouse.fi\/sv\/wp-json\/wp\/v2\/media\/7964"}],"wp:attachment":[{"href":"https:\/\/toolhouse.fi\/sv\/wp-json\/wp\/v2\/media?parent=7974"}],"wp:term":[{"taxonomy":"product_cat","embeddable":true,"href":"https:\/\/toolhouse.fi\/sv\/wp-json\/wp\/v2\/product_cat?post=7974"},{"taxonomy":"product_tag","embeddable":true,"href":"https:\/\/toolhouse.fi\/sv\/wp-json\/wp\/v2\/product_tag?post=7974"}],"curies":[{"name":"wp","href":"https:\/\/api.w.org\/{rel}","templated":true}]}}