{"id":809,"date":"2020-06-19T13:38:25","date_gmt":"2020-06-19T10:38:25","guid":{"rendered":"https:\/\/toolhouse.fi\/?post_type=product&#038;p=809"},"modified":"2025-05-01T15:11:11","modified_gmt":"2025-05-01T12:11:11","slug":"komplett-dacktillbehors-paket","status":"publish","type":"product","link":"https:\/\/toolhouse.fi\/sv\/produkt\/komplett-dacktillbehors-paket\/","title":{"rendered":"Komplett d\u00e4cktillbeh\u00f6rs paket"},"content":{"rendered":"","protected":false},"excerpt":{"rendered":"<p>F\u00f6rm\u00e5nligt paket till d\u00e4ckmaskin, som inneh\u00e5ller allt som beh\u00f6vs f\u00f6r att byta d\u00e4ck.<\/p>\n<p>&nbsp;<\/p>\n<p><strong>Inneh\u00e5ller:<\/strong><\/p>\n<ul>\n<li>Ventiler 100 pack &#8211; TR 413 EPDM \/ m\u00e4ssing.<\/li>\n<li>Ventildragare hd.<\/li>\n<li>N\u00e5lmejsel.<\/li>\n<li>D\u00e4ckj\u00e4rn 50cm.<\/li>\n<li>Extravax monteringspasta 5L.<\/li>\n<li>Pensel till monteringspasta.<\/li>\n<\/ul>\n","protected":false},"featured_media":25031,"template":"","meta":{"_acf_changed":false,"_seopress_robots_primary_cat":"none","_seopress_titles_title":"","_seopress_titles_desc":"","_seopress_robots_index":""},"product_cat":[18,593,160],"product_tag":[],"class_list":{"0":"post-809","1":"product","2":"type-product","3":"status-publish","4":"has-post-thumbnail","6":"product_cat-dackarbete","7":"product_cat-tillbehor-och-reservdelar","8":"product_cat-tillbehor-verktyg","9":"product_shipping_class-k-160","11":"first","12":"outofstock","13":"taxable","14":"shipping-taxable","15":"purchasable","16":"product-type-simple","swatches":"rey-swatches","show_selected":""},"acf":[],"_links":{"self":[{"href":"https:\/\/toolhouse.fi\/sv\/wp-json\/wp\/v2\/product\/809","targetHints":{"allow":["GET"]}}],"collection":[{"href":"https:\/\/toolhouse.fi\/sv\/wp-json\/wp\/v2\/product"}],"about":[{"href":"https:\/\/toolhouse.fi\/sv\/wp-json\/wp\/v2\/types\/product"}],"version-history":[{"count":0,"href":"https:\/\/toolhouse.fi\/sv\/wp-json\/wp\/v2\/product\/809\/revisions"}],"wp:featuredmedia":[{"embeddable":true,"href":"https:\/\/toolhouse.fi\/sv\/wp-json\/wp\/v2\/media\/25031"}],"wp:attachment":[{"href":"https:\/\/toolhouse.fi\/sv\/wp-json\/wp\/v2\/media?parent=809"}],"wp:term":[{"taxonomy":"product_cat","embeddable":true,"href":"https:\/\/toolhouse.fi\/sv\/wp-json\/wp\/v2\/product_cat?post=809"},{"taxonomy":"product_tag","embeddable":true,"href":"https:\/\/toolhouse.fi\/sv\/wp-json\/wp\/v2\/product_tag?post=809"}],"curies":[{"name":"wp","href":"https:\/\/api.w.org\/{rel}","templated":true}]}}