{"id":8103,"date":"2022-04-30T14:39:28","date_gmt":"2022-04-30T11:39:28","guid":{"rendered":"https:\/\/toolhouse.fi\/?post_type=product&#038;p=8103"},"modified":"2025-07-24T14:39:39","modified_gmt":"2025-07-24T11:39:39","slug":"bromskolvsverktyg-18-delar-h-v","status":"publish","type":"product","link":"https:\/\/toolhouse.fi\/sv\/produkt\/bromskolvsverktyg-18-delar-h-v\/","title":{"rendered":"Bromskolvsverktyg, 18 delar h\/v"},"content":{"rendered":"","protected":false},"excerpt":{"rendered":"<p>Bromskolvsverktyg h\u00f6ger\/v\u00e4nster i 18 delar som passar m\u00e5nga bilmodeller.<\/p>\n<p>Returnerar bromskolvar utan att skada kolven eller gummidamasken.<\/p>\n<p>Avsedd f\u00f6r \u00e5terst\u00e4llning av bromskolvar som m\u00e5ste vridas och tryckas samtidigt<\/p>\n<p>&nbsp;<\/p>\n<p data-start=\"0\" data-end=\"17\">Satsens inneh\u00e5ll:<\/p>\n<ul>\n<li data-start=\"19\" data-end=\"1189\">Adapter #0<\/li>\n<li data-start=\"19\" data-end=\"1189\">Adapter #1<\/li>\n<li data-start=\"19\" data-end=\"1189\">Adapter #2<\/li>\n<li data-start=\"19\" data-end=\"1189\">Adapter #3<\/li>\n<li data-start=\"19\" data-end=\"1189\">Adapter #4<\/li>\n<li data-start=\"19\" data-end=\"1189\">Adapter #5<\/li>\n<li data-start=\"19\" data-end=\"1189\">Adapter #6<\/li>\n<li data-start=\"19\" data-end=\"1189\">Adapter #7<\/li>\n<li data-start=\"19\" data-end=\"1189\">Adapter #8<\/li>\n<li data-start=\"19\" data-end=\"1189\">Adapter #9<\/li>\n<li>Adapter #A<\/li>\n<li data-start=\"19\" data-end=\"1189\">Adapter #E<\/li>\n<li>Adapter #F<\/li>\n<li>Adapter #K<\/li>\n<li>Adapter #M<\/li>\n<li>Adapter #N<\/li>\n<\/ul>\n<p>Tillverkare: Invento<\/p>\n","protected":false},"featured_media":27358,"template":"","meta":{"_acf_changed":false,"_seopress_robots_primary_cat":"none","_seopress_titles_title":"","_seopress_titles_desc":"","_seopress_robots_index":""},"product_cat":[584,338,21],"product_tag":[],"class_list":{"0":"post-8103","1":"product","2":"type-product","3":"status-publish","4":"has-post-thumbnail","6":"product_cat-bromsverktyg","7":"product_cat-fordonsverktyg","8":"product_cat-verkstadsutrustning","9":"product_shipping_class-tillbehor-590","11":"first","12":"instock","13":"taxable","14":"shipping-taxable","15":"purchasable","16":"product-type-simple","swatches":"rey-swatches","show_selected":""},"acf":[],"_links":{"self":[{"href":"https:\/\/toolhouse.fi\/sv\/wp-json\/wp\/v2\/product\/8103","targetHints":{"allow":["GET"]}}],"collection":[{"href":"https:\/\/toolhouse.fi\/sv\/wp-json\/wp\/v2\/product"}],"about":[{"href":"https:\/\/toolhouse.fi\/sv\/wp-json\/wp\/v2\/types\/product"}],"version-history":[{"count":4,"href":"https:\/\/toolhouse.fi\/sv\/wp-json\/wp\/v2\/product\/8103\/revisions"}],"predecessor-version":[{"id":27366,"href":"https:\/\/toolhouse.fi\/sv\/wp-json\/wp\/v2\/product\/8103\/revisions\/27366"}],"wp:featuredmedia":[{"embeddable":true,"href":"https:\/\/toolhouse.fi\/sv\/wp-json\/wp\/v2\/media\/27358"}],"wp:attachment":[{"href":"https:\/\/toolhouse.fi\/sv\/wp-json\/wp\/v2\/media?parent=8103"}],"wp:term":[{"taxonomy":"product_cat","embeddable":true,"href":"https:\/\/toolhouse.fi\/sv\/wp-json\/wp\/v2\/product_cat?post=8103"},{"taxonomy":"product_tag","embeddable":true,"href":"https:\/\/toolhouse.fi\/sv\/wp-json\/wp\/v2\/product_tag?post=8103"}],"curies":[{"name":"wp","href":"https:\/\/api.w.org\/{rel}","templated":true}]}}