{"id":8404,"date":"2022-05-10T19:17:34","date_gmt":"2022-05-10T16:17:34","guid":{"rendered":"https:\/\/toolhouse.fi\/?post_type=product&#038;p=8404"},"modified":"2026-05-07T13:18:55","modified_gmt":"2026-05-07T10:18:55","slug":"ventilverktyg","status":"publish","type":"product","link":"https:\/\/toolhouse.fi\/sv\/produkt\/ventilverktyg\/","title":{"rendered":"Ventilverktyg"},"content":{"rendered":"","protected":false},"excerpt":{"rendered":"<p>Beh\u00e4ndigt verktyg till reparation av ventilg\u00e4ngor samt demontering och montering av ventiln\u00e5l.<\/p>\n","protected":false},"featured_media":8415,"template":"","meta":{"_acf_changed":false,"_seopress_robots_primary_cat":"","_seopress_titles_title":"","_seopress_titles_desc":"","_seopress_robots_index":"","_seopress_analysis_target_kw":""},"product_cat":[160],"product_tag":[],"class_list":{"0":"post-8404","1":"product","2":"type-product","3":"status-publish","4":"has-post-thumbnail","6":"product_cat-tillbehor-verktyg","7":"product_shipping_class-tillbehor-490","9":"first","10":"instock","11":"taxable","12":"shipping-taxable","13":"purchasable","14":"product-type-simple","swatches":"rey-swatches","show_selected":""},"acf":[],"_links":{"self":[{"href":"https:\/\/toolhouse.fi\/sv\/wp-json\/wp\/v2\/product\/8404","targetHints":{"allow":["GET"]}}],"collection":[{"href":"https:\/\/toolhouse.fi\/sv\/wp-json\/wp\/v2\/product"}],"about":[{"href":"https:\/\/toolhouse.fi\/sv\/wp-json\/wp\/v2\/types\/product"}],"version-history":[{"count":1,"href":"https:\/\/toolhouse.fi\/sv\/wp-json\/wp\/v2\/product\/8404\/revisions"}],"predecessor-version":[{"id":32810,"href":"https:\/\/toolhouse.fi\/sv\/wp-json\/wp\/v2\/product\/8404\/revisions\/32810"}],"wp:featuredmedia":[{"embeddable":true,"href":"https:\/\/toolhouse.fi\/sv\/wp-json\/wp\/v2\/media\/8415"}],"wp:attachment":[{"href":"https:\/\/toolhouse.fi\/sv\/wp-json\/wp\/v2\/media?parent=8404"}],"wp:term":[{"taxonomy":"product_cat","embeddable":true,"href":"https:\/\/toolhouse.fi\/sv\/wp-json\/wp\/v2\/product_cat?post=8404"},{"taxonomy":"product_tag","embeddable":true,"href":"https:\/\/toolhouse.fi\/sv\/wp-json\/wp\/v2\/product_tag?post=8404"}],"curies":[{"name":"wp","href":"https:\/\/api.w.org\/{rel}","templated":true}]}}