{"id":8597,"date":"2022-05-21T09:52:50","date_gmt":"2022-05-21T06:52:50","guid":{"rendered":"https:\/\/toolhouse.fi\/?post_type=product&#038;p=8597"},"modified":"2025-12-11T17:10:44","modified_gmt":"2025-12-11T15:10:44","slug":"30t-press","status":"publish","type":"product","link":"https:\/\/toolhouse.fi\/sv\/produkt\/30t-press\/","title":{"rendered":"30T Verkstadspress."},"content":{"rendered":"<table class=\"n54117_dictionary\" width=\"290\">\n<tbody>\n<tr>\n<td class=\"n54117_item_a1\">Presskraft<span class=\"n67256colon\">:<\/span><\/td>\n<td class=\"n54117_item_b1\">\n<div class=\"n54117_item_b_sub\">30T<\/div>\n<\/td>\n<\/tr>\n<tr>\n<td class=\"n54117_item_a2\"><span class=\"n67256colon\">Arbetsomr\u00e5de:<\/span><\/td>\n<td class=\"n54117_item_b2\">\n<div class=\"n54117_item_b_sub\">155 &#8211; 960 mm<\/div>\n<\/td>\n<\/tr>\n<tr>\n<td class=\"n54117_item_a1\"><span class=\"n67256colon\">Justerbart bord:<\/span><\/td>\n<td class=\"n54117_item_b1\">\n<div class=\"n54117_item_b_sub\">8 l\u00e4gen<\/div>\n<\/td>\n<\/tr>\n<tr>\n<td class=\"n54117_item_a2\"><span class=\"n67256colon\">Bordets bredd:<\/span><\/td>\n<td class=\"n54117_item_b2\">\n<div class=\"n54117_item_b_sub\">530 mm<\/div>\n<\/td>\n<\/tr>\n<tr>\n<td class=\"n54117_item_a1\"><span class=\"n67256colon\">Bordets djup:<\/span><\/td>\n<td class=\"n54117_item_b1\">\n<div class=\"n54117_item_b_sub\">142 mm<\/div>\n<\/td>\n<\/tr>\n<tr>\n<td class=\"n54117_item_a2\"><span class=\"n67256colon\">H\u00f6jd:<\/span><\/td>\n<td class=\"n54117_item_b2\">\n<div class=\"n54117_item_b_sub\">1645 mm<\/div>\n<\/td>\n<\/tr>\n<tr>\n<td class=\"n54117_item_a1\"><span class=\"n67256colon\">Bredd:<\/span><\/td>\n<td class=\"n54117_item_b1\">\n<div class=\"n54117_item_b_sub\">770 mm<\/div>\n<\/td>\n<\/tr>\n<tr>\n<td class=\"n54117_item_a2\">Standardutrustning::<\/td>\n<td class=\"n54117_item_b2\">\n<div class=\"n54117_item_b_sub\">Vinsch<\/div>\n<div>Skyddsgaller<\/div>\n<div>V-block 2st<\/div>\n<div>Handtag\/pedal<\/div>\n<div>Tryckluftspedal<\/div>\n<\/td>\n<\/tr>\n<tr>\n<td class=\"n54117_item_a1\"><\/td>\n<td class=\"n54117_item_b1\">\n<div class=\"n54117_item_b_sub\"><\/div>\n<\/td>\n<\/tr>\n<tr>\n<td class=\"n54117_item_a2\">Vikt:<\/td>\n<td class=\"n54117_item_b2\">\n<div class=\"n54117_item_b_sub\">185 kg<\/div>\n<\/td>\n<\/tr>\n<tr>\n<td class=\"n54117_item_a1\">Ce-godk\u00e4nd:<\/td>\n<td class=\"n54117_item_b1\">\n<div class=\"n54117_item_b_sub\">Ja<\/div>\n<\/td>\n<\/tr>\n<tr>\n<td class=\"n54117_item_a2\"><span class=\"n67256colon\">Garanti:<\/span><\/td>\n<td class=\"n54117_item_b2\">\n<div class=\"n54117_item_b_sub\">12 m\u00e5nader<\/div>\n<\/td>\n<\/tr>\n<\/tbody>\n<\/table>\n<p><img alt=\"\" fetchpriority=\"high\" decoding=\"async\" class=\"alignnone size-full wp-image-8966\" src=\"http:\/\/toolhouse.fi\/wp-content\/uploads\/2022\/05\/hydraulipuristin-30t.jpg\" alt=\"\" width=\"800\" height=\"800\" srcset=\"https:\/\/toolhouse.fi\/wp-content\/uploads\/2022\/05\/hydraulipuristin-30t.jpg 800w, https:\/\/toolhouse.fi\/wp-content\/uploads\/2022\/05\/hydraulipuristin-30t-300x300.jpg 300w, https:\/\/toolhouse.fi\/wp-content\/uploads\/2022\/05\/hydraulipuristin-30t-100x100.jpg 100w, https:\/\/toolhouse.fi\/wp-content\/uploads\/2022\/05\/hydraulipuristin-30t-510x510.jpg 510w, https:\/\/toolhouse.fi\/wp-content\/uploads\/2022\/05\/hydraulipuristin-30t-150x150.jpg 150w, https:\/\/toolhouse.fi\/wp-content\/uploads\/2022\/05\/hydraulipuristin-30t-768x768.jpg 768w, https:\/\/toolhouse.fi\/wp-content\/uploads\/2022\/05\/hydraulipuristin-30t-400x400.jpg 400w, https:\/\/toolhouse.fi\/wp-content\/uploads\/2022\/05\/hydraulipuristin-30t-700x700.jpg 700w\" sizes=\"(max-width: 800px) 100vw, 800px\" \/><\/p>\n","protected":false},"excerpt":{"rendered":"<h3 class=\"product-title product_title entry-title\"><\/h3>\n<h3 class=\"product-title product_title entry-title\"><span class=\"Y2IQFc\" lang=\"fi\">30T lufthydraulisk verkstadspress<\/span><\/h3>\n<ul>\n<li>Stadig konstruktion med svetsad ram<\/li>\n<li>Hydraulpump med handtag, pedal och tryckluftspedal<\/li>\n<li>Presskraft 30 Ton<\/li>\n<li>Presscylindern \u00e4r flyttbar i sidled<\/li>\n<li>Vinsch f\u00f6r enkel bordsjustering<\/li>\n<li>Skyddsgaller som \u00e4r justerbart samt l\u00f6stagbart<\/li>\n<li>V\u00e4ndbara pressplattor som \u00e4r v-formade p\u00e5 ena sidan och plana p\u00e5 andra sidan<\/li>\n<li>Stor, tydlig tryckm\u00e4tare<\/li>\n<li>Vikt 185kg<\/li>\n<\/ul>\n","protected":false},"featured_media":8960,"template":"","meta":{"_acf_changed":false,"_seopress_robots_primary_cat":"none","_seopress_titles_title":"","_seopress_titles_desc":"","_seopress_robots_index":""},"product_cat":[137,621],"product_tag":[],"class_list":{"0":"post-8597","1":"product","2":"type-product","3":"status-publish","4":"has-post-thumbnail","6":"product_cat-hydraulpressar","7":"product_cat-pressar","8":"product_shipping_class-m-201","10":"first","11":"instock","12":"taxable","13":"shipping-taxable","14":"purchasable","15":"product-type-simple","swatches":"rey-swatches","show_selected":""},"acf":[],"_links":{"self":[{"href":"https:\/\/toolhouse.fi\/sv\/wp-json\/wp\/v2\/product\/8597","targetHints":{"allow":["GET"]}}],"collection":[{"href":"https:\/\/toolhouse.fi\/sv\/wp-json\/wp\/v2\/product"}],"about":[{"href":"https:\/\/toolhouse.fi\/sv\/wp-json\/wp\/v2\/types\/product"}],"version-history":[{"count":2,"href":"https:\/\/toolhouse.fi\/sv\/wp-json\/wp\/v2\/product\/8597\/revisions"}],"predecessor-version":[{"id":20997,"href":"https:\/\/toolhouse.fi\/sv\/wp-json\/wp\/v2\/product\/8597\/revisions\/20997"}],"wp:featuredmedia":[{"embeddable":true,"href":"https:\/\/toolhouse.fi\/sv\/wp-json\/wp\/v2\/media\/8960"}],"wp:attachment":[{"href":"https:\/\/toolhouse.fi\/sv\/wp-json\/wp\/v2\/media?parent=8597"}],"wp:term":[{"taxonomy":"product_cat","embeddable":true,"href":"https:\/\/toolhouse.fi\/sv\/wp-json\/wp\/v2\/product_cat?post=8597"},{"taxonomy":"product_tag","embeddable":true,"href":"https:\/\/toolhouse.fi\/sv\/wp-json\/wp\/v2\/product_tag?post=8597"}],"curies":[{"name":"wp","href":"https:\/\/api.w.org\/{rel}","templated":true}]}}