{"id":8655,"date":"2022-05-22T18:34:40","date_gmt":"2022-05-22T15:34:40","guid":{"rendered":"https:\/\/toolhouse.fi\/?post_type=product&#038;p=8655"},"modified":"2025-08-18T17:31:03","modified_gmt":"2025-08-18T14:31:03","slug":"walter-gk-630-4-0-270-p-gjutjarnskompressor","status":"publish","type":"product","link":"https:\/\/toolhouse.fi\/sv\/produkt\/walter-gk-630-4-0-270-p-gjutjarnskompressor\/","title":{"rendered":"Walter GK 630-4.0 \/ 270 P Gjutj\u00e4rnskompressor"},"content":{"rendered":"<table>\n<tbody>\n<tr>\n<td><strong><span class=\"\">Tillverkare<\/span><\/strong><\/td>\n<td><strong>Walter kompressortechnik<\/strong><\/td>\n<\/tr>\n<tr>\n<td><strong>Modell<\/strong><\/td>\n<td><strong>GK 630-4.0 \/ 270 P<\/strong><\/td>\n<\/tr>\n<tr>\n<td><strong>Sugfl\u00f6de (L\/Min)<\/strong><\/td>\n<td><strong>630<\/strong><\/td>\n<\/tr>\n<tr>\n<td><strong>Tryckfl\u00f6de (L\/Min)<\/strong><\/td>\n<td><strong>550<\/strong><\/td>\n<\/tr>\n<tr>\n<td><strong>Tryck (bar)<\/strong><\/td>\n<td><strong>10<\/strong><\/td>\n<\/tr>\n<tr>\n<td><strong>Effekt (kW\/HP)<\/strong><\/td>\n<td><strong>4,0 \/ 5,5<\/strong><\/td>\n<\/tr>\n<tr>\n<td><strong>Tankvolym (L)<\/strong><\/td>\n<td><strong>270<\/strong><\/td>\n<\/tr>\n<tr>\n<td><strong>Cylinderantal<\/strong><\/td>\n<td><strong>2<\/strong><\/td>\n<\/tr>\n<tr>\n<td><strong>Varvtal (rpm)<\/strong><\/td>\n<td><strong>1060<\/strong><\/td>\n<\/tr>\n<tr>\n<td><strong>Bredd (mm)<\/strong><\/td>\n<td><strong>640<\/strong><\/td>\n<\/tr>\n<tr>\n<td><strong>H\u00f6jd (mm)<\/strong><\/td>\n<td><strong>1150<\/strong><\/td>\n<\/tr>\n<tr>\n<td><strong>L\u00e4ngd (mm)<\/strong><\/td>\n<td><strong><span class=\"goog-text-highlight\">1650<\/span><\/strong><\/td>\n<\/tr>\n<\/tbody>\n<\/table>\n<table>\n<tbody>\n<tr>\n<td><strong>Vikt (kg)\u00a0<\/strong><\/p>\n<p><strong>Ljudniv\u00e5(db)\u00a0 \u00a0 \u00a0 \u00a0 \u00a0 \u00a0 \u00a0 \u00a0<\/strong><\/td>\n<td><strong>200<\/strong><\/p>\n<p><strong>80\u00a0 \u00a0 \u00a0 \u00a0 \u00a0 \u00a0 \u00a0 \u00a0 \u00a0 \u00a0 \u00a0 \u00a0 \u00a0 \u00a0 \u00a0\u00a0<\/strong><\/td>\n<\/tr>\n<tr>\n<td><strong>Sp\u00e4nning (V)<\/strong><\/td>\n<td><strong>400<\/strong><\/td>\n<\/tr>\n<tr>\n<td><strong>Tillverkningsland<\/strong><\/td>\n<td><strong>Polen<\/strong><\/td>\n<\/tr>\n<tr>\n<td><strong>Ce-m\u00e4rkt<\/strong><\/td>\n<td><strong>Ja<\/strong><\/td>\n<\/tr>\n<tr>\n<td><strong>Garanti<\/strong><\/td>\n<td><strong>12 M\u00e5nader<\/strong><\/td>\n<\/tr>\n<\/tbody>\n<\/table>\n","protected":false},"excerpt":{"rendered":"<ul>\n<li>Gjutj\u00e4rns kompressor<\/li>\n<li>4kw \/ 5,5hk<\/li>\n<li>Tankvolym 270L<\/li>\n<li>Sugfl\u00f6de 630L<\/li>\n<li>Tryckfl\u00f6de 550L<\/li>\n<li>10 Bar<\/li>\n<li>2 cylindrig<\/li>\n<li>80 dB<\/li>\n<\/ul>\n<p>Walter GK 630-4.0 \/ 270 P, \u00e4r en kraftfull\u00a0 kompressor.<\/p>\n<p>Slitstark kompressor, med gjutj\u00e4rns pumpblock, cylindrar och cylinderhuvud vilket ger tystare g\u00e5ng, b\u00e4ttre kylning och mycket l\u00e5ng livsl\u00e4ngd.<\/p>\n<p>Condor mdr tryckstr\u00f6mbrytare med inbyggt motorskydd.<\/p>\n<p>Tryckregulator med tv\u00e5 luftuttag samt ett p\u00e5 tankgaveln.<\/p>\n<p>L\u00e5ng livsl\u00e4ngd \u2013 pumpens l\u00e5ga hastighet garanterar l\u00e4gre slitage p\u00e5 lager, ringar och andra nyckelelement \u00e4n i kompressorer med h\u00f6g hastighet.<\/p>\n<p>L\u00e4mplig f\u00f6r professionellt bruk, tillverkad av <span style=\"color: #ff0000;\"><em><a href=\"https:\/\/walterpolska.pl\/home-pl-pl.html\" target=\"_blank\" rel=\"noopener\">Walter kompressortechnik<\/a>, <\/em><span style=\"color: #282828;\">en av europas ledande kompressortillverkare.<\/span><\/span><\/p>\n","protected":false},"featured_media":8656,"template":"","meta":{"_acf_changed":false,"_seopress_robots_primary_cat":"none","_seopress_titles_title":"","_seopress_titles_desc":"","_seopress_robots_index":""},"product_cat":[317,216],"product_tag":[],"class_list":{"0":"post-8655","1":"product","2":"type-product","3":"status-publish","4":"has-post-thumbnail","6":"product_cat-kompressorer","7":"product_cat-tryckluft-och-kompressor","8":"product_shipping_class-m-201","10":"first","11":"instock","12":"taxable","13":"shipping-taxable","14":"purchasable","15":"product-type-simple","swatches":"rey-swatches","show_selected":""},"acf":[],"_links":{"self":[{"href":"https:\/\/toolhouse.fi\/sv\/wp-json\/wp\/v2\/product\/8655","targetHints":{"allow":["GET"]}}],"collection":[{"href":"https:\/\/toolhouse.fi\/sv\/wp-json\/wp\/v2\/product"}],"about":[{"href":"https:\/\/toolhouse.fi\/sv\/wp-json\/wp\/v2\/types\/product"}],"version-history":[{"count":1,"href":"https:\/\/toolhouse.fi\/sv\/wp-json\/wp\/v2\/product\/8655\/revisions"}],"predecessor-version":[{"id":18481,"href":"https:\/\/toolhouse.fi\/sv\/wp-json\/wp\/v2\/product\/8655\/revisions\/18481"}],"wp:featuredmedia":[{"embeddable":true,"href":"https:\/\/toolhouse.fi\/sv\/wp-json\/wp\/v2\/media\/8656"}],"wp:attachment":[{"href":"https:\/\/toolhouse.fi\/sv\/wp-json\/wp\/v2\/media?parent=8655"}],"wp:term":[{"taxonomy":"product_cat","embeddable":true,"href":"https:\/\/toolhouse.fi\/sv\/wp-json\/wp\/v2\/product_cat?post=8655"},{"taxonomy":"product_tag","embeddable":true,"href":"https:\/\/toolhouse.fi\/sv\/wp-json\/wp\/v2\/product_tag?post=8655"}],"curies":[{"name":"wp","href":"https:\/\/api.w.org\/{rel}","templated":true}]}}