{"id":8720,"date":"2022-05-29T10:22:40","date_gmt":"2022-05-29T07:22:40","guid":{"rendered":"https:\/\/toolhouse.fi\/?post_type=product&#038;p=8720"},"modified":"2025-07-31T11:56:15","modified_gmt":"2025-07-31T08:56:15","slug":"walter-gk-880-5-5-500-p-kopio","status":"publish","type":"product","link":"https:\/\/toolhouse.fi\/sv\/produkt\/walter-gk-880-5-5-500-p-kopio\/","title":{"rendered":"Walter VGK 880-5.5 \/ 270."},"content":{"rendered":"<table>\n<tbody>\n<tr>\n<td><strong><span class=\"\">Tillverkare<\/span><\/strong><\/td>\n<td><strong>Walter kompressortechnik<\/strong><\/td>\n<\/tr>\n<tr>\n<td><strong>Modell<\/strong><\/td>\n<td><strong><span class=\"goog-text-highlight\" style=\"color: #282828;\">VGK 880-5.5 \/ 270<\/span><\/strong><\/td>\n<\/tr>\n<tr>\n<td><strong>Sug Fl\u00f6de (L\/Min)<\/strong><\/td>\n<td><strong>880<\/strong><\/td>\n<\/tr>\n<tr>\n<td><strong>Tryckfl\u00f6de (L\/Min)<\/strong><\/td>\n<td><strong>740<\/strong><\/td>\n<\/tr>\n<tr>\n<td><strong>Tryck (bar)<\/strong><\/td>\n<td><strong>10<\/strong><\/td>\n<\/tr>\n<tr>\n<td><strong>Effekt (kW\/HP)<\/strong><\/td>\n<td><strong>5,5 \/ 7,5<\/strong><\/td>\n<\/tr>\n<tr>\n<td><strong>Tankvolym (L)<\/strong><\/td>\n<td><strong>270<\/strong><\/td>\n<\/tr>\n<tr>\n<td><strong>Cylinderantal<\/strong><\/td>\n<td><strong>3<\/strong><\/td>\n<\/tr>\n<tr>\n<td><strong>Varvtal (rpm)<\/strong><\/td>\n<td><strong>1040<\/strong><\/td>\n<\/tr>\n<tr>\n<td><strong>Bredd (mm)<\/strong><\/td>\n<td><strong>650<\/strong><\/td>\n<\/tr>\n<tr>\n<td><strong>H\u00f6jd (mm)<\/strong><\/td>\n<td><strong>1800<\/strong><\/td>\n<\/tr>\n<tr>\n<td><strong>L\u00e4ngd (mm)<\/strong><\/p>\n<p><strong>Ljudniv\u00e5 (db)<\/strong><\/td>\n<td><strong><span class=\"goog-text-highlight\">700<\/span><\/strong><\/p>\n<p><strong>80<\/strong><\/td>\n<\/tr>\n<\/tbody>\n<\/table>\n<table>\n<tbody>\n<tr>\n<td><strong>Vikt (kg)\u00a0 \u00a0 \u00a0 \u00a0 \u00a0 \u00a0 \u00a0 \u00a0 \u00a0<\/strong><\/td>\n<td><strong>201\u00a0 \u00a0 \u00a0 \u00a0 \u00a0 \u00a0 \u00a0 \u00a0 \u00a0 \u00a0 \u00a0 \u00a0 \u00a0 \u00a0 \u00a0 \u00a0 \u00a0 \u00a0 \u00a0 \u00a0<\/strong><\/td>\n<\/tr>\n<tr>\n<td><strong>Sp\u00e4nning (V)<\/strong><\/td>\n<td><strong>400<\/strong><\/td>\n<\/tr>\n<tr>\n<td><strong>Tillverkningsland<\/strong><\/td>\n<td><strong>Polen<\/strong><\/td>\n<\/tr>\n<tr>\n<td><strong>Ce-m\u00e4rkt<\/strong><\/td>\n<td><strong>Ja<\/strong><\/td>\n<\/tr>\n<tr>\n<td><strong>Garanti<\/strong><\/td>\n<td><strong>12 M\u00e5nader<\/strong><\/td>\n<\/tr>\n<\/tbody>\n<\/table>\n<p>&nbsp;<\/p>\n","protected":false},"excerpt":{"rendered":"<ul>\n<li>5,5KW \/ 7,5HK<\/li>\n<li>80dB<\/li>\n<li>Tankvolym 270L<\/li>\n<li>Sugfl\u00f6de 880<\/li>\n<li>Tryckfl\u00f6de 740L<\/li>\n<li>10 Bar<\/li>\n<li>3 cylindrig<\/li>\n<li>Bredd 65cm<\/li>\n<li>L\u00e4ngd 70cm<\/li>\n<li>H\u00f6jd 180cm<\/li>\n<\/ul>\n<p><strong>Walter VGK 880-5.5 \/ 270 <\/strong>\u00e4r en stor kompressor, designad f\u00f6r att ta minimalt med utrymme.<\/p>\n<p>Slitstark kompressor, med gjutj\u00e4rns pumpblock, cylindrar och cylinderhuvud vilket ger tystare g\u00e5ng (80dB), b\u00e4ttre kylning och mycket l\u00e5ng livsl\u00e4ngd.<\/p>\n<p>Condor mdr tryckstr\u00f6mbrytare med inbyggt motorskydd.<\/p>\n<p>Tryckregulator med tv\u00e5 luftuttag samt ett p\u00e5 tanken.<\/p>\n<p>L\u00e5ng livsl\u00e4ngd \u2013 pumpens l\u00e5ga hastighet garanterar l\u00e4gre slitage p\u00e5 lager, ringar och andra nyckelelement \u00e4n i kompressorer med h\u00f6g hastighet.<\/p>\n<p>L\u00e4mplig f\u00f6r professionellt bruk, tillverkad av\u00a0<em><a href=\"https:\/\/walterpolska.pl\/home-pl-pl.html\" target=\"_blank\" rel=\"noopener\">Walter kompressortechnik<\/a>,\u00a0<\/em>en av europas ledande kompressortillverkare.<\/p>\n","protected":false},"featured_media":8754,"template":"","meta":{"_acf_changed":false,"_seopress_robots_primary_cat":"none","_seopress_titles_title":"","_seopress_titles_desc":"","_seopress_robots_index":""},"product_cat":[317,216],"product_tag":[],"class_list":{"0":"post-8720","1":"product","2":"type-product","3":"status-publish","4":"has-post-thumbnail","6":"product_cat-kompressorer","7":"product_cat-tryckluft-och-kompressor","8":"product_shipping_class-frakt129e","10":"first","11":"outofstock","12":"taxable","13":"shipping-taxable","14":"purchasable","15":"product-type-simple","swatches":"rey-swatches","show_selected":""},"acf":[],"_links":{"self":[{"href":"https:\/\/toolhouse.fi\/sv\/wp-json\/wp\/v2\/product\/8720","targetHints":{"allow":["GET"]}}],"collection":[{"href":"https:\/\/toolhouse.fi\/sv\/wp-json\/wp\/v2\/product"}],"about":[{"href":"https:\/\/toolhouse.fi\/sv\/wp-json\/wp\/v2\/types\/product"}],"version-history":[{"count":1,"href":"https:\/\/toolhouse.fi\/sv\/wp-json\/wp\/v2\/product\/8720\/revisions"}],"predecessor-version":[{"id":18228,"href":"https:\/\/toolhouse.fi\/sv\/wp-json\/wp\/v2\/product\/8720\/revisions\/18228"}],"wp:featuredmedia":[{"embeddable":true,"href":"https:\/\/toolhouse.fi\/sv\/wp-json\/wp\/v2\/media\/8754"}],"wp:attachment":[{"href":"https:\/\/toolhouse.fi\/sv\/wp-json\/wp\/v2\/media?parent=8720"}],"wp:term":[{"taxonomy":"product_cat","embeddable":true,"href":"https:\/\/toolhouse.fi\/sv\/wp-json\/wp\/v2\/product_cat?post=8720"},{"taxonomy":"product_tag","embeddable":true,"href":"https:\/\/toolhouse.fi\/sv\/wp-json\/wp\/v2\/product_tag?post=8720"}],"curies":[{"name":"wp","href":"https:\/\/api.w.org\/{rel}","templated":true}]}}