{"id":9029,"date":"2022-06-13T21:33:52","date_gmt":"2022-06-13T18:33:52","guid":{"rendered":"https:\/\/toolhouse.fi\/?post_type=product&#038;p=9029"},"modified":"2025-08-20T16:13:32","modified_gmt":"2025-08-20T13:13:32","slug":"redats-p-140a-650-nm","status":"publish","type":"product","link":"https:\/\/toolhouse.fi\/sv\/produkt\/redats-p-140a-650-nm\/","title":{"rendered":"Redats P-140A 650 Nm"},"content":{"rendered":"","protected":false},"excerpt":{"rendered":"<p>Kompakt och l\u00e4tt mutterdragare med ett h\u00f6gt vridmoment p\u00e5 650Nm.<\/p>\n<p>Vinklingsbart huvud och roterbart handtag f\u00f6r b\u00e4sta \u00e5tkomlighet.<img alt=\"\" fetchpriority=\"high\" decoding=\"async\" class=\"alignright wp-image-9062\" src=\"http:\/\/toolhouse.fi\/wp-content\/uploads\/2022\/06\/Mutterinkierrin-lyhyt-650Nm.jpg\" alt=\"\" width=\"287\" height=\"624\" srcset=\"https:\/\/toolhouse.fi\/wp-content\/uploads\/2022\/06\/Mutterinkierrin-lyhyt-650Nm.jpg 414w, https:\/\/toolhouse.fi\/wp-content\/uploads\/2022\/06\/Mutterinkierrin-lyhyt-650Nm-300x652.jpg 300w, https:\/\/toolhouse.fi\/wp-content\/uploads\/2022\/06\/Mutterinkierrin-lyhyt-650Nm-138x300.jpg 138w, https:\/\/toolhouse.fi\/wp-content\/uploads\/2022\/06\/Mutterinkierrin-lyhyt-650Nm-400x870.jpg 400w\" sizes=\"(max-width: 287px) 100vw, 287px\" \/><\/p>\n<p>&nbsp;<\/p>\n<ul>\n<li>H\u00f6g prestanda \u2013 maximalt vridmoment \u00e4r 650 Nm!<\/li>\n<li>Twin-slagmekanism<\/li>\n<li>Slitstarka material, skal av komposit.<\/li>\n<li>Tryckluftsdriven mutterdragare 1\/2\u2033.<\/li>\n<li>Vinklingsbart huvud 120\u00b0<\/li>\n<li>Roterbart handtag 360\u00b0<\/li>\n<li>Vridhastighet: 8000 rpm.<\/li>\n<li>Luftf\u00f6rbrukning: genomsnittlig 113 l \/ min.<\/li>\n<li>L\u00e4ngd 70mm<\/li>\n<li>Bredd 85mm<\/li>\n<li>H\u00f6jd 280mm<\/li>\n<li>Vikt: 1,3 kg.<\/li>\n<li>CE-m\u00e4rkt..<\/li>\n<li>Garanti 1 \u00e5r.<\/li>\n<\/ul>\n","protected":false},"featured_media":9060,"template":"","meta":{"_acf_changed":false,"_seopress_robots_primary_cat":"none","_seopress_titles_title":"","_seopress_titles_desc":"","_seopress_robots_index":""},"product_cat":[318,216],"product_tag":[],"class_list":{"0":"post-9029","1":"product","2":"type-product","3":"status-publish","4":"has-post-thumbnail","6":"product_cat-mutterdragare","7":"product_cat-tryckluft-och-kompressor","8":"product_shipping_class-tillbehor-590","10":"first","11":"instock","12":"taxable","13":"shipping-taxable","14":"purchasable","15":"product-type-simple","swatches":"rey-swatches","show_selected":""},"acf":[],"_links":{"self":[{"href":"https:\/\/toolhouse.fi\/sv\/wp-json\/wp\/v2\/product\/9029","targetHints":{"allow":["GET"]}}],"collection":[{"href":"https:\/\/toolhouse.fi\/sv\/wp-json\/wp\/v2\/product"}],"about":[{"href":"https:\/\/toolhouse.fi\/sv\/wp-json\/wp\/v2\/types\/product"}],"version-history":[{"count":1,"href":"https:\/\/toolhouse.fi\/sv\/wp-json\/wp\/v2\/product\/9029\/revisions"}],"predecessor-version":[{"id":18476,"href":"https:\/\/toolhouse.fi\/sv\/wp-json\/wp\/v2\/product\/9029\/revisions\/18476"}],"wp:featuredmedia":[{"embeddable":true,"href":"https:\/\/toolhouse.fi\/sv\/wp-json\/wp\/v2\/media\/9060"}],"wp:attachment":[{"href":"https:\/\/toolhouse.fi\/sv\/wp-json\/wp\/v2\/media?parent=9029"}],"wp:term":[{"taxonomy":"product_cat","embeddable":true,"href":"https:\/\/toolhouse.fi\/sv\/wp-json\/wp\/v2\/product_cat?post=9029"},{"taxonomy":"product_tag","embeddable":true,"href":"https:\/\/toolhouse.fi\/sv\/wp-json\/wp\/v2\/product_tag?post=9029"}],"curies":[{"name":"wp","href":"https:\/\/api.w.org\/{rel}","templated":true}]}}