{"id":9070,"date":"2022-06-14T13:37:09","date_gmt":"2022-06-14T10:37:09","guid":{"rendered":"https:\/\/toolhouse.fi\/?post_type=product&#038;p=9070"},"modified":"2025-11-13T11:32:54","modified_gmt":"2025-11-13T09:32:54","slug":"bussnings-lager-verktyg-34-80mm-27-delar","status":"publish","type":"product","link":"https:\/\/toolhouse.fi\/sv\/produkt\/bussnings-lager-verktyg-34-80mm-27-delar\/","title":{"rendered":"Bussnings \/ lager verktyg 34 &#8211; 80mm, 27 delar"},"content":{"rendered":"","protected":false},"excerpt":{"rendered":"<p>Verktygssats f\u00f6r demontering\/montering av bussningar, lager m.m.<\/p>\n<p>Anv\u00e4nds p\u00e5 plats p\u00e5 fordonet eller i hydraulpress.<\/p>\n<p>Stadiga att anv\u00e4nda med &#8221;koppformade&#8221; hylsor, till dessa beh\u00f6vs inga l\u00f6sa brickor som p\u00e5 enklare modeller.<\/p>\n<ul>\n<li>22 presshylsor 34\u201380 mm (steg om 2 mm)<\/li>\n<li>5 kullagrade spindlar (M10, M12, M14, M16, M18)<\/li>\n<\/ul>\n<p><strong>Inneh\u00e5ller:<\/strong><\/p>\n<p>5 kullagrade spindlar i f\u00f6ljande storlek:<img alt=\"\" fetchpriority=\"high\" decoding=\"async\" class=\"wp-image-9099 alignright\" src=\"http:\/\/toolhouse.fi\/wp-content\/uploads\/2022\/06\/Helojen-irroitussarja-redats-2.png\" alt=\"\" width=\"223\" height=\"377\" srcset=\"https:\/\/toolhouse.fi\/wp-content\/uploads\/2022\/06\/Helojen-irroitussarja-redats-2.png 532w, https:\/\/toolhouse.fi\/wp-content\/uploads\/2022\/06\/Helojen-irroitussarja-redats-2-300x508.png 300w, https:\/\/toolhouse.fi\/wp-content\/uploads\/2022\/06\/Helojen-irroitussarja-redats-2-510x863.png 510w, https:\/\/toolhouse.fi\/wp-content\/uploads\/2022\/06\/Helojen-irroitussarja-redats-2-177x300.png 177w, https:\/\/toolhouse.fi\/wp-content\/uploads\/2022\/06\/Helojen-irroitussarja-redats-2-400x677.png 400w\" sizes=\"(max-width: 223px) 100vw, 223px\" \/><\/p>\n<ul>\n<li value=\"1\">M10 x 350mm<\/li>\n<li value=\"2\">M12 x 350mm<\/li>\n<li value=\"3\">M14 x 350mm<\/li>\n<li value=\"4\">M16 x 350mm<\/li>\n<li value=\"5\">M18 x 350mm<\/li>\n<\/ul>\n<p>F\u00f6rst\u00e4rkta adapterhylsor-h\u00f6jd 60mm<\/p>\n<ul>\n<li>\u00d8 yttre\u00d7inre diameter<\/li>\n<li value=\"1\">\u00d8 90\u00d780 mm<\/li>\n<li value=\"2\">\u00d8 85\u00d775 mm<\/li>\n<li value=\"3\">\u00d8 82\u00d772 mm<\/li>\n<li value=\"4\">\u00d8 80\u00d770 mm<\/li>\n<li value=\"5\">\u00d8 78\u00d768 mm<\/li>\n<li value=\"6\">\u00d8 76\u00d766 mm<\/li>\n<li value=\"7\">\u00d8 74\u00d764 mm<\/li>\n<li value=\"8\">\u00d8 72\u00d762 mm<\/li>\n<li value=\"9\">\u00d8 70\u00d760 mm<\/li>\n<li value=\"10\">\u00d8 68\u00d758 mm<\/li>\n<li value=\"11\">\u00d8 66\u00d756 mm<\/li>\n<li value=\"12\">\u00d8 64\u00d754 mm<\/li>\n<li value=\"13\">\u00d8 62\u00d752 mm<\/li>\n<li value=\"14\">\u00d8 60\u00d750 mm<\/li>\n<li value=\"15\">\u00d8 58\u00d748 mm<\/li>\n<li value=\"16\">\u00d8 56\u00d746 mm<\/li>\n<li value=\"17\">\u00d8 54\u00d744 mm<\/li>\n<li value=\"18\">\u00d8 52\u00d742 mm<\/li>\n<li value=\"19\">\u00d8 50\u00d740 mm<\/li>\n<li value=\"20\">\u00d8 48\u00d738 mm<\/li>\n<li value=\"21\">\u00d8 46\u00d736 mm<\/li>\n<li value=\"22\">\u00d8 44\u00d734 mm<\/li>\n<\/ul>\n<p>Tillverkare Redats<\/p>\n<p>Garanti: 12 m\u00e5nader<\/p>\n<p><img alt=\"\" decoding=\"async\" class=\"alignnone size-full wp-image-9093\" src=\"http:\/\/toolhouse.fi\/wp-content\/uploads\/2022\/06\/Helojen-irroitussarja-redats-27-osaa.jpg\" alt=\"\" width=\"900\" height=\"581\" srcset=\"https:\/\/toolhouse.fi\/wp-content\/uploads\/2022\/06\/Helojen-irroitussarja-redats-27-osaa.jpg 900w, https:\/\/toolhouse.fi\/wp-content\/uploads\/2022\/06\/Helojen-irroitussarja-redats-27-osaa-300x194.jpg 300w, https:\/\/toolhouse.fi\/wp-content\/uploads\/2022\/06\/Helojen-irroitussarja-redats-27-osaa-510x329.jpg 510w, https:\/\/toolhouse.fi\/wp-content\/uploads\/2022\/06\/Helojen-irroitussarja-redats-27-osaa-768x496.jpg 768w, https:\/\/toolhouse.fi\/wp-content\/uploads\/2022\/06\/Helojen-irroitussarja-redats-27-osaa-400x258.jpg 400w, https:\/\/toolhouse.fi\/wp-content\/uploads\/2022\/06\/Helojen-irroitussarja-redats-27-osaa-700x452.jpg 700w\" sizes=\"(max-width: 900px) 100vw, 900px\" \/><\/p>\n","protected":false},"featured_media":9075,"template":"","meta":{"_acf_changed":false,"_seopress_robots_primary_cat":"none","_seopress_titles_title":"","_seopress_titles_desc":"","_seopress_robots_index":""},"product_cat":[338,137,464,585,21],"product_tag":[],"class_list":{"0":"post-9070","1":"product","2":"type-product","3":"status-publish","4":"has-post-thumbnail","6":"product_cat-fordonsverktyg","7":"product_cat-hydraulpressar","8":"product_cat-reservdelar-tillbehor","9":"product_cat-verktyg-for-underrede-och-transmission","10":"product_cat-verkstadsutrustning","11":"product_shipping_class-tillbehor-790","13":"first","14":"instock","15":"taxable","16":"shipping-taxable","17":"purchasable","18":"product-type-simple","swatches":"rey-swatches","show_selected":""},"acf":[],"_links":{"self":[{"href":"https:\/\/toolhouse.fi\/sv\/wp-json\/wp\/v2\/product\/9070","targetHints":{"allow":["GET"]}}],"collection":[{"href":"https:\/\/toolhouse.fi\/sv\/wp-json\/wp\/v2\/product"}],"about":[{"href":"https:\/\/toolhouse.fi\/sv\/wp-json\/wp\/v2\/types\/product"}],"version-history":[{"count":1,"href":"https:\/\/toolhouse.fi\/sv\/wp-json\/wp\/v2\/product\/9070\/revisions"}],"predecessor-version":[{"id":18472,"href":"https:\/\/toolhouse.fi\/sv\/wp-json\/wp\/v2\/product\/9070\/revisions\/18472"}],"wp:featuredmedia":[{"embeddable":true,"href":"https:\/\/toolhouse.fi\/sv\/wp-json\/wp\/v2\/media\/9075"}],"wp:attachment":[{"href":"https:\/\/toolhouse.fi\/sv\/wp-json\/wp\/v2\/media?parent=9070"}],"wp:term":[{"taxonomy":"product_cat","embeddable":true,"href":"https:\/\/toolhouse.fi\/sv\/wp-json\/wp\/v2\/product_cat?post=9070"},{"taxonomy":"product_tag","embeddable":true,"href":"https:\/\/toolhouse.fi\/sv\/wp-json\/wp\/v2\/product_tag?post=9070"}],"curies":[{"name":"wp","href":"https:\/\/api.w.org\/{rel}","templated":true}]}}