{"id":9341,"date":"2022-07-07T15:35:00","date_gmt":"2022-07-07T12:35:00","guid":{"rendered":"https:\/\/toolhouse.fi\/?post_type=product&#038;p=9341"},"modified":"2025-05-16T16:14:31","modified_gmt":"2025-05-16T13:14:31","slug":"vatskepafyllningsventil-for-dack","status":"publish","type":"product","link":"https:\/\/toolhouse.fi\/sv\/produkt\/vatskepafyllningsventil-for-dack\/","title":{"rendered":"V\u00e4tskep\u00e5fyllningsventil F\u00f6r D\u00e4ck"},"content":{"rendered":"","protected":false},"excerpt":{"rendered":"<p>Ventiladapter f\u00f6r att fylla p\u00e5 eller t\u00f6mma v\u00e4tska ur d\u00e4ck.<\/p>\n<p>Passar till ventiler med m12x1mm g\u00e4nga tex TR618A, TR218A.<\/p>\n<p>Svensk och finskspr\u00e5kig bruksanvisning.<\/p>\n","protected":false},"featured_media":9346,"template":"","meta":{"_acf_changed":false,"_seopress_robots_primary_cat":"none","_seopress_titles_title":"","_seopress_titles_desc":"","_seopress_robots_index":""},"product_cat":[160],"product_tag":[],"class_list":{"0":"post-9341","1":"product","2":"type-product","3":"status-publish","4":"has-post-thumbnail","6":"product_cat-tillbehor-verktyg","7":"product_shipping_class-tillbehor-590","9":"first","10":"instock","11":"taxable","12":"shipping-taxable","13":"purchasable","14":"product-type-simple","swatches":"rey-swatches","show_selected":""},"acf":[],"_links":{"self":[{"href":"https:\/\/toolhouse.fi\/sv\/wp-json\/wp\/v2\/product\/9341","targetHints":{"allow":["GET"]}}],"collection":[{"href":"https:\/\/toolhouse.fi\/sv\/wp-json\/wp\/v2\/product"}],"about":[{"href":"https:\/\/toolhouse.fi\/sv\/wp-json\/wp\/v2\/types\/product"}],"version-history":[{"count":1,"href":"https:\/\/toolhouse.fi\/sv\/wp-json\/wp\/v2\/product\/9341\/revisions"}],"predecessor-version":[{"id":18468,"href":"https:\/\/toolhouse.fi\/sv\/wp-json\/wp\/v2\/product\/9341\/revisions\/18468"}],"wp:featuredmedia":[{"embeddable":true,"href":"https:\/\/toolhouse.fi\/sv\/wp-json\/wp\/v2\/media\/9346"}],"wp:attachment":[{"href":"https:\/\/toolhouse.fi\/sv\/wp-json\/wp\/v2\/media?parent=9341"}],"wp:term":[{"taxonomy":"product_cat","embeddable":true,"href":"https:\/\/toolhouse.fi\/sv\/wp-json\/wp\/v2\/product_cat?post=9341"},{"taxonomy":"product_tag","embeddable":true,"href":"https:\/\/toolhouse.fi\/sv\/wp-json\/wp\/v2\/product_tag?post=9341"}],"curies":[{"name":"wp","href":"https:\/\/api.w.org\/{rel}","templated":true}]}}