{"id":9357,"date":"2022-07-08T12:02:20","date_gmt":"2022-07-08T09:02:20","guid":{"rendered":"https:\/\/toolhouse.fi\/?post_type=product&#038;p=9357"},"modified":"2026-04-01T12:53:55","modified_gmt":"2026-04-01T09:53:55","slug":"hylsa-for-stalfalg","status":"publish","type":"product","link":"https:\/\/toolhouse.fi\/sv\/produkt\/hylsa-for-stalfalg\/","title":{"rendered":"Hylsa f\u00f6r st\u00e5lf\u00e4lg"},"content":{"rendered":"","protected":false},"excerpt":{"rendered":"<p>Passar till redats snabbl\u00e5smutter.<\/p>\n","protected":false},"featured_media":9358,"template":"","meta":{"_acf_changed":false,"_seopress_robots_primary_cat":"none","_seopress_titles_title":"","_seopress_titles_desc":"","_seopress_robots_index":""},"product_cat":[185,594],"product_tag":[],"class_list":{"0":"post-9357","1":"product","2":"type-product","3":"status-publish","4":"has-post-thumbnail","6":"product_cat-balanseringsmaskiner","7":"product_cat-tillbehor-och-reservdelar-sv","8":"product_shipping_class-tillbehor-590","10":"first","11":"instock","12":"taxable","13":"shipping-taxable","14":"purchasable","15":"product-type-simple","swatches":"rey-swatches","show_selected":""},"acf":[],"_links":{"self":[{"href":"https:\/\/toolhouse.fi\/sv\/wp-json\/wp\/v2\/product\/9357","targetHints":{"allow":["GET"]}}],"collection":[{"href":"https:\/\/toolhouse.fi\/sv\/wp-json\/wp\/v2\/product"}],"about":[{"href":"https:\/\/toolhouse.fi\/sv\/wp-json\/wp\/v2\/types\/product"}],"version-history":[{"count":0,"href":"https:\/\/toolhouse.fi\/sv\/wp-json\/wp\/v2\/product\/9357\/revisions"}],"wp:featuredmedia":[{"embeddable":true,"href":"https:\/\/toolhouse.fi\/sv\/wp-json\/wp\/v2\/media\/9358"}],"wp:attachment":[{"href":"https:\/\/toolhouse.fi\/sv\/wp-json\/wp\/v2\/media?parent=9357"}],"wp:term":[{"taxonomy":"product_cat","embeddable":true,"href":"https:\/\/toolhouse.fi\/sv\/wp-json\/wp\/v2\/product_cat?post=9357"},{"taxonomy":"product_tag","embeddable":true,"href":"https:\/\/toolhouse.fi\/sv\/wp-json\/wp\/v2\/product_tag?post=9357"}],"curies":[{"name":"wp","href":"https:\/\/api.w.org\/{rel}","templated":true}]}}